{"id":2443,"date":"2021-09-14T07:21:39","date_gmt":"2021-09-14T04:21:39","guid":{"rendered":"https:\/\/misiune.adventist.pro\/?page_id=2443"},"modified":"2025-08-01T07:51:35","modified_gmt":"2025-08-01T05:51:35","slug":"proiecte","status":"publish","type":"page","link":"https:\/\/sabat.rest\/art\/","title":{"rendered":"7REST.art"},"content":{"rendered":"<section class=\"c-section c-section__blocks is-list u-spacing--double\"><div class=\"c-block__heading u-theme--border-color--darker\">\n  <h3 class=\"c-block__heading-title u-theme--color--darker\">Live<\/h3>\n  <a href=\"\" class=\"c-block__heading-link u-theme--color--base u-theme--link-hover--dark\" style=\"border-bottom: 0\"><\/a>\n<\/div><div class=\"c-media-block c-block c-media-block__row c-block__row l-grid--7-col l-grid-wrap l-standard-break\"><div class=\"c-media-block__image c-block__image l-grid-item l-grid-item--2-col l-grid-item--m--1-col l-grid-item--xl--1-col u-padding--zero--sides u-space--zero--right\">\n\t\t\t\t\t<div class=\"c-block__image-wrap \">\n\t\t\t\t\t\t<picture class=\"picture\">\n\t\t\t\t\t\t\t<source srcset=\"https:\/\/sabat.rest\/art\/wp-content\/uploads\/2025\/08\/2025-08-01-isaia-43.19-1100x620.jpg\" media=\"(min-width: 900px)\">\n\t\t\t\t\t\t\t<source srcset=\"https:\/\/sabat.rest\/art\/wp-content\/uploads\/2025\/08\/2025-08-01-isaia-43.19-800x450.jpg\" media=\"(min-width: 500px)\">\n\t\t\t\t\t\t\t<img itemprop=\"image\" srcset=\"https:\/\/sabat.rest\/art\/wp-content\/uploads\/2025\/08\/2025-08-01-isaia-43.19-500x280.jpg\" alt=\"\">\n\t\t\t\t\t\t<\/picture>\n\t\t\t\t\t<\/div>\n\t\t\t\t<\/div><div class=\"c-media-block__content c-block__content u-spacing l-grid-item l-grid-item--4-col l-grid-item--m--3-col l-grid-item--xl--2-col u-flex--justify-start\">\n\t\t\t\t<div class=\"u-spacing c-block__group c-media-block__group u-flex--justify-start\">\n\t\t\t\t\t<div class=\"u-spacing u-width--100p\">\n\t\t\t\t\t\t<h3 class=\"c-media-block__title c-block__title u-theme--color--darker u-font--primary--m\">\n\t\t\t\t\t\t\t<a class=\"c-block__title-link u-theme--link-hover--dark\" href=\"https:\/\/sabat.rest\/art\/ziua-a-saptea-29-august-2025\/\">Ziua a \u0218aptea \u2014 29 august 2025<\/a>\n\t\t\t\t\t\t<\/h3><p class=\"c-block__description\">\ud83c\udf05 Soarele apune \u0219i marcheaz\u0103 \u00eenceputul zilei a \u0218aptea: 19:59\u00a0 Bucure\u0219ti19:48\u00a0 Constan\u021ba19:57\u00a0 Ia\u0219i20&hellip;<\/p><a href=\"https:\/\/sabat.rest\/art\/ziua-a-saptea-29-august-2025\/\" class=\"c-block__button o-button o-button--outline\">Read More<span class=\"u-icon u-icon--m u-path-fill--base u-space--half--left\"><svg xmlns=\"http:\/\/www.w3.org\/2000\/svg\" viewBox=\"0 0 20 20\"><title>o-arrow__long&#8211;left<\/title><path d=\"M18.29,8.59l-3.5-3.5L13.38,6.5,15.88,9H.29v2H15.88l-2.5,2.5,1.41,1.41,3.5-3.5L19.71,10Z\" fill=\"#9b9b9b\"><\/path><\/svg><\/span><\/a><\/div>\n<div class=\"c-media-block__meta c-block__meta u-theme--color--base\"><span class=\"c-block__category u-text-transform--upper\">SABAT<\/span><time datetime=\"2025-08-29T01:00:00+02:00\" class=\"c-block__date u-text-transform--upper\">29 August 2025<\/time><\/div>\n<\/div><\/div>\n<\/div>\n<div class=\"c-media-block c-block c-media-block__row c-block__row l-grid--7-col l-grid-wrap l-standard-break\"><div class=\"c-media-block__image c-block__image l-grid-item l-grid-item--2-col l-grid-item--m--1-col l-grid-item--xl--1-col u-padding--zero--sides u-space--zero--right\">\n\t\t\t\t\t<div class=\"c-block__image-wrap \">\n\t\t\t\t\t\t<picture class=\"picture\">\n\t\t\t\t\t\t\t<source srcset=\"https:\/\/sabat.rest\/art\/wp-content\/uploads\/2025\/08\/2025-08-01-isaia-43.19-1100x620.jpg\" media=\"(min-width: 900px)\">\n\t\t\t\t\t\t\t<source srcset=\"https:\/\/sabat.rest\/art\/wp-content\/uploads\/2025\/08\/2025-08-01-isaia-43.19-800x450.jpg\" media=\"(min-width: 500px)\">\n\t\t\t\t\t\t\t<img itemprop=\"image\" srcset=\"https:\/\/sabat.rest\/art\/wp-content\/uploads\/2025\/08\/2025-08-01-isaia-43.19-500x280.jpg\" alt=\"\">\n\t\t\t\t\t\t<\/picture>\n\t\t\t\t\t<\/div>\n\t\t\t\t<\/div><div class=\"c-media-block__content c-block__content u-spacing l-grid-item l-grid-item--4-col l-grid-item--m--3-col l-grid-item--xl--2-col u-flex--justify-start\">\n\t\t\t\t<div class=\"u-spacing c-block__group c-media-block__group u-flex--justify-start\">\n\t\t\t\t\t<div class=\"u-spacing u-width--100p\">\n\t\t\t\t\t\t<h3 class=\"c-media-block__title c-block__title u-theme--color--darker u-font--primary--m\">\n\t\t\t\t\t\t\t<a class=\"c-block__title-link u-theme--link-hover--dark\" href=\"https:\/\/sabat.rest\/art\/ziua-a-saptea\/\">Ziua a \u0218aptea<\/a>\n\t\t\t\t\t\t<\/h3><p class=\"c-block__description\">\ud83c\udf05 Soarele apune \u0219i marcheaz\u0103 \u00eenceputul zilei a \u0218aptea: 20:42&nbsp; Bucure\u0219ti 20:31&nbsp; Constan\u021ba 2&hellip;<\/p><a href=\"https:\/\/sabat.rest\/art\/ziua-a-saptea\/\" class=\"c-block__button o-button o-button--outline\">Read More<span class=\"u-icon u-icon--m u-path-fill--base u-space--half--left\"><svg xmlns=\"http:\/\/www.w3.org\/2000\/svg\" viewBox=\"0 0 20 20\"><title>o-arrow__long&#8211;left<\/title><path d=\"M18.29,8.59l-3.5-3.5L13.38,6.5,15.88,9H.29v2H15.88l-2.5,2.5,1.41,1.41,3.5-3.5L19.71,10Z\" fill=\"#9b9b9b\"><\/path><\/svg><\/span><\/a><\/div>\n<div class=\"c-media-block__meta c-block__meta u-theme--color--base\"><span class=\"c-block__category u-text-transform--upper\">SABAT<\/span><time datetime=\"2025-08-01T07:44:43+02:00\" class=\"c-block__date u-text-transform--upper\">1 August 2025<\/time><\/div>\n<\/div><\/div>\n<\/div>\n<div class=\"c-media-block c-block c-media-block__row c-block__row l-grid--7-col l-grid-wrap l-standard-break\"><div class=\"c-media-block__image c-block__image l-grid-item l-grid-item--2-col l-grid-item--m--1-col l-grid-item--xl--1-col u-padding--zero--sides u-space--zero--right\">\n\t\t\t\t\t<div class=\"c-block__image-wrap \">\n\t\t\t\t\t\t<picture class=\"picture\">\n\t\t\t\t\t\t\t<source srcset=\"https:\/\/sabat.rest\/art\/wp-content\/uploads\/2024\/11\/luther-3-1100x620.jpg\" media=\"(min-width: 900px)\">\n\t\t\t\t\t\t\t<source srcset=\"https:\/\/sabat.rest\/art\/wp-content\/uploads\/2024\/11\/luther-3-800x450.jpg\" media=\"(min-width: 500px)\">\n\t\t\t\t\t\t\t<img itemprop=\"image\" srcset=\"https:\/\/sabat.rest\/art\/wp-content\/uploads\/2024\/11\/luther-3-500x280.jpg\" alt=\"\">\n\t\t\t\t\t\t<\/picture>\n\t\t\t\t\t<\/div>\n\t\t\t\t<\/div><div class=\"c-media-block__content c-block__content u-spacing l-grid-item l-grid-item--4-col l-grid-item--m--3-col l-grid-item--xl--2-col u-flex--justify-start\">\n\t\t\t\t<div class=\"u-spacing c-block__group c-media-block__group u-flex--justify-start\">\n\t\t\t\t\t<div class=\"u-spacing u-width--100p\">\n\t\t\t\t\t\t<h3 class=\"c-media-block__title c-block__title u-theme--color--darker u-font--primary--m\">\n\t\t\t\t\t\t\t<a class=\"c-block__title-link u-theme--link-hover--dark\" href=\"https:\/\/sabat.rest\/art\/47-sfantu-gheorghe\/\">Sabat RESTart #47 \u2014 Sf\u00e2ntu Gheorghe (Covasna)<\/a>\n\t\t\t\t\t\t<\/h3><p class=\"c-block__description\">\ud83c\udf05 Deschiderea Live a Sabatului\ud83d\udcc5 Vineri, 1 Noiembrie 2024 | \ud83d\udd54 17:00\ud83d\udccd Biserica Luteran\u0103, Sf\u00e2ntu Gheorg&hellip;<\/p><a href=\"https:\/\/sabat.rest\/art\/47-sfantu-gheorghe\/\" class=\"c-block__button o-button o-button--outline\">Read More<span class=\"u-icon u-icon--m u-path-fill--base u-space--half--left\"><svg xmlns=\"http:\/\/www.w3.org\/2000\/svg\" viewBox=\"0 0 20 20\"><title>o-arrow__long&#8211;left<\/title><path d=\"M18.29,8.59l-3.5-3.5L13.38,6.5,15.88,9H.29v2H15.88l-2.5,2.5,1.41,1.41,3.5-3.5L19.71,10Z\" fill=\"#9b9b9b\"><\/path><\/svg><\/span><\/a><\/div>\n<div class=\"c-media-block__meta c-block__meta u-theme--color--base\"><span class=\"c-block__category u-text-transform--upper\">SABAT<\/span><time datetime=\"2024-11-01T07:35:02+02:00\" class=\"c-block__date u-text-transform--upper\">1 November 2024<\/time><\/div>\n<\/div><\/div>\n<\/div>\n<div class=\"c-media-block c-block c-media-block__row c-block__row l-grid--7-col l-grid-wrap l-standard-break\"><div class=\"c-media-block__image c-block__image l-grid-item l-grid-item--2-col l-grid-item--m--1-col l-grid-item--xl--1-col u-padding--zero--sides u-space--zero--right\">\n\t\t\t\t\t<div class=\"c-block__image-wrap \">\n\t\t\t\t\t\t<picture class=\"picture\">\n\t\t\t\t\t\t\t<source srcset=\"https:\/\/sabat.rest\/art\/wp-content\/uploads\/2024\/10\/miller-3-1100x620.png\" media=\"(min-width: 900px)\">\n\t\t\t\t\t\t\t<source srcset=\"https:\/\/sabat.rest\/art\/wp-content\/uploads\/2024\/10\/miller-3-800x450.png\" media=\"(min-width: 500px)\">\n\t\t\t\t\t\t\t<img itemprop=\"image\" srcset=\"https:\/\/sabat.rest\/art\/wp-content\/uploads\/2024\/10\/miller-3-500x280.png\" alt=\"\">\n\t\t\t\t\t\t<\/picture>\n\t\t\t\t\t<\/div>\n\t\t\t\t<\/div><div class=\"c-media-block__content c-block__content u-spacing l-grid-item l-grid-item--4-col l-grid-item--m--3-col l-grid-item--xl--2-col u-flex--justify-start\">\n\t\t\t\t<div class=\"u-spacing c-block__group c-media-block__group u-flex--justify-start\">\n\t\t\t\t\t<div class=\"u-spacing u-width--100p\">\n\t\t\t\t\t\t<h3 class=\"c-media-block__title c-block__title u-theme--color--darker u-font--primary--m\">\n\t\t\t\t\t\t\t<a class=\"c-block__title-link u-theme--link-hover--dark\" href=\"https:\/\/sabat.rest\/art\/46-campus-porumbacu\/\">Sabat RESTart #46 \u2014 Campus Porumbacu<\/a>\n\t\t\t\t\t\t<\/h3><p class=\"c-block__description\">\ud83c\udf05 Deschiderea Live a Zilei a \u0218aptea\ud83d\udcc5 Vineri, 25 octombrie 2024 | \ud83d\udd61 18:00\ud83d\udccd Campus Porumbacu\ud83d\udd17 Urm\u0103ri\u021bi&hellip;<\/p><a href=\"https:\/\/sabat.rest\/art\/46-campus-porumbacu\/\" class=\"c-block__button o-button o-button--outline\">Read More<span class=\"u-icon u-icon--m u-path-fill--base u-space--half--left\"><svg xmlns=\"http:\/\/www.w3.org\/2000\/svg\" viewBox=\"0 0 20 20\"><title>o-arrow__long&#8211;left<\/title><path d=\"M18.29,8.59l-3.5-3.5L13.38,6.5,15.88,9H.29v2H15.88l-2.5,2.5,1.41,1.41,3.5-3.5L19.71,10Z\" fill=\"#9b9b9b\"><\/path><\/svg><\/span><\/a><\/div>\n<div class=\"c-media-block__meta c-block__meta u-theme--color--base\"><span class=\"c-block__category u-text-transform--upper\">SABAT<\/span><time datetime=\"2024-10-25T09:37:09+02:00\" class=\"c-block__date u-text-transform--upper\">25 October 2024<\/time><\/div>\n<\/div><\/div>\n<\/div>\n<\/section>\n\n\n<p class=\"has-text-align-center\"><\/p>\n\n\n\n<hr class=\"wp-block-separator has-alpha-channel-opacity\"\/>\n\n\n\n<p class=\"has-text-align-center\"><strong>RESTart<\/strong>: Atunci c\u00e2nd apusul indic\u0103 \u00eenceputul zilei a \u0218aptea<\/p>\n\n\n\n<p>\u00cen fiecare sf\u00e2r\u0219it de s\u0103pt\u0103m\u00e2n\u0103, m\u0103rturisim un miracol: acel moment c\u00e2nd Cerul \u00eembr\u0103\u021bi\u0219eaz\u0103 P\u0103m\u00e2ntul. RESTart. \u00cen tumultul zilelor noastre nesf\u00e2r\u0219ite, exist\u0103 un refugiu, o poart\u0103 c\u0103tre un spa\u021biu sacru vechi de veacuri. \u00cen acest sanctuar, timpul se opre\u0219te pentru o clip\u0103, oferindu-ne \u0219ansa de a fi re\u00eennoi\u021bi. E\u0219ti gata s\u0103 tr\u0103ie\u0219ti aceast\u0103 binecuv\u00e2ntare? Afl\u0103 cum po\u021bi s\u0103 te al\u0103turi nou\u0103 \u00een bucuria RESTart.<\/p>\n\n\n\n<p><strong>\u00cen fiecare Vineri sear\u0103, la apusul de soare, te invit\u0103m s\u0103 ne urm\u0103re\u0219ti LIVE<\/strong>. Fii parte din comunitatea noastr\u0103!<\/p>\n","protected":false},"excerpt":{"rendered":"<p>RESTart: Atunci c\u00e2nd apusul indic\u0103 \u00eenceputul zilei a \u0218aptea \u00cen fiecare sf\u00e2r\u0219it de s\u0103pt\u0103m\u00e2n\u0103, m\u0103rturisim un miracol: acel moment c\u00e2nd Cerul \u00eembr\u0103\u021bi\u0219eaz\u0103 P\u0103m\u00e2ntul. RESTart. \u00cen tumultul zilelor noastre nesf\u00e2r\u0219ite, exist\u0103 un refugiu, o poart\u0103 c\u0103tre un spa\u021biu sacru vechi de veacuri. \u00cen acest sanctuar, timpul se opre\u0219te pentru o clip\u0103, oferindu-ne \u0219ansa de a fi &hellip; <a href=\"https:\/\/sabat.rest\/art\/\">Continued<\/a><\/p>\n","protected":false},"author":1,"featured_media":0,"parent":0,"menu_order":0,"comment_status":"closed","ping_status":"closed","template":"","meta":{"inline_featured_image":false,"_monsterinsights_skip_tracking":false,"_monsterinsights_sitenote_active":false,"_monsterinsights_sitenote_note":"","_monsterinsights_sitenote_category":0},"class_list":["post-2443","page","type-page","status-publish","hentry"],"yoast_head":"<!-- This site is optimized with the Yoast SEO plugin v26.0 - https:\/\/yoast.com\/wordpress\/plugins\/seo\/ -->\n<title>7REST.art - Sabat RESTart<\/title>\n<meta name=\"robots\" content=\"index, follow, max-snippet:-1, max-image-preview:large, max-video-preview:-1\" \/>\n<link rel=\"canonical\" href=\"https:\/\/sabat.rest\/art\/\" \/>\n<meta property=\"og:locale\" content=\"en_US\" \/>\n<meta property=\"og:type\" content=\"article\" \/>\n<meta property=\"og:title\" content=\"7REST.art - Sabat RESTart\" \/>\n<meta property=\"og:description\" content=\"RESTart: Atunci c\u00e2nd apusul indic\u0103 \u00eenceputul zilei a \u0218aptea \u00cen fiecare sf\u00e2r\u0219it de s\u0103pt\u0103m\u00e2n\u0103, m\u0103rturisim un miracol: acel moment c\u00e2nd Cerul \u00eembr\u0103\u021bi\u0219eaz\u0103 P\u0103m\u00e2ntul. RESTart. \u00cen tumultul zilelor noastre nesf\u00e2r\u0219ite, exist\u0103 un refugiu, o poart\u0103 c\u0103tre un spa\u021biu sacru vechi de veacuri. \u00cen acest sanctuar, timpul se opre\u0219te pentru o clip\u0103, oferindu-ne \u0219ansa de a fi &hellip; Continued\" \/>\n<meta property=\"og:url\" content=\"https:\/\/sabat.rest\/art\/\" \/>\n<meta property=\"og:site_name\" content=\"Sabat RESTart\" \/>\n<meta property=\"article:publisher\" content=\"https:\/\/facebook.com\/adventist.ro\" \/>\n<meta property=\"article:modified_time\" content=\"2025-08-01T05:51:35+00:00\" \/>\n<meta name=\"twitter:card\" content=\"summary_large_image\" \/>\n<meta name=\"twitter:site\" content=\"@AdventistRO\" \/>\n<meta name=\"twitter:label1\" content=\"Est. reading time\" \/>\n\t<meta name=\"twitter:data1\" content=\"1 minute\" \/>\n<script type=\"application\/ld+json\" class=\"yoast-schema-graph\">{\"@context\":\"https:\/\/schema.org\",\"@graph\":[{\"@type\":\"WebPage\",\"@id\":\"https:\/\/sabat.rest\/art\/\",\"url\":\"https:\/\/sabat.rest\/art\/\",\"name\":\"7REST.art - Sabat RESTart\",\"isPartOf\":{\"@id\":\"https:\/\/sabat.rest\/art\/#website\"},\"datePublished\":\"2021-09-14T04:21:39+00:00\",\"dateModified\":\"2025-08-01T05:51:35+00:00\",\"breadcrumb\":{\"@id\":\"https:\/\/sabat.rest\/art\/#breadcrumb\"},\"inLanguage\":\"en\",\"potentialAction\":[{\"@type\":\"ReadAction\",\"target\":[\"https:\/\/sabat.rest\/art\/\"]}]},{\"@type\":\"BreadcrumbList\",\"@id\":\"https:\/\/sabat.rest\/art\/#breadcrumb\",\"itemListElement\":[{\"@type\":\"ListItem\",\"position\":1,\"name\":\"Home\",\"item\":\"https:\/\/sabat.rest\/art\/\"},{\"@type\":\"ListItem\",\"position\":2,\"name\":\"7REST.art\"}]},{\"@type\":\"WebSite\",\"@id\":\"https:\/\/sabat.rest\/art\/#website\",\"url\":\"https:\/\/sabat.rest\/art\/\",\"name\":\"Sabat RESTart\",\"description\":\"Biserica Adventista de Ziua a Saptea\",\"potentialAction\":[{\"@type\":\"SearchAction\",\"target\":{\"@type\":\"EntryPoint\",\"urlTemplate\":\"https:\/\/sabat.rest\/art\/?s={search_term_string}\"},\"query-input\":{\"@type\":\"PropertyValueSpecification\",\"valueRequired\":true,\"valueName\":\"search_term_string\"}}],\"inLanguage\":\"en\"}]}<\/script>\n<!-- \/ Yoast SEO plugin. -->","yoast_head_json":{"title":"7REST.art - Sabat RESTart","robots":{"index":"index","follow":"follow","max-snippet":"max-snippet:-1","max-image-preview":"max-image-preview:large","max-video-preview":"max-video-preview:-1"},"canonical":"https:\/\/sabat.rest\/art\/","og_locale":"en_US","og_type":"article","og_title":"7REST.art - Sabat RESTart","og_description":"RESTart: Atunci c\u00e2nd apusul indic\u0103 \u00eenceputul zilei a \u0218aptea \u00cen fiecare sf\u00e2r\u0219it de s\u0103pt\u0103m\u00e2n\u0103, m\u0103rturisim un miracol: acel moment c\u00e2nd Cerul \u00eembr\u0103\u021bi\u0219eaz\u0103 P\u0103m\u00e2ntul. RESTart. \u00cen tumultul zilelor noastre nesf\u00e2r\u0219ite, exist\u0103 un refugiu, o poart\u0103 c\u0103tre un spa\u021biu sacru vechi de veacuri. \u00cen acest sanctuar, timpul se opre\u0219te pentru o clip\u0103, oferindu-ne \u0219ansa de a fi &hellip; Continued","og_url":"https:\/\/sabat.rest\/art\/","og_site_name":"Sabat RESTart","article_publisher":"https:\/\/facebook.com\/adventist.ro","article_modified_time":"2025-08-01T05:51:35+00:00","twitter_card":"summary_large_image","twitter_site":"@AdventistRO","twitter_misc":{"Est. reading time":"1 minute"},"schema":{"@context":"https:\/\/schema.org","@graph":[{"@type":"WebPage","@id":"https:\/\/sabat.rest\/art\/","url":"https:\/\/sabat.rest\/art\/","name":"7REST.art - Sabat RESTart","isPartOf":{"@id":"https:\/\/sabat.rest\/art\/#website"},"datePublished":"2021-09-14T04:21:39+00:00","dateModified":"2025-08-01T05:51:35+00:00","breadcrumb":{"@id":"https:\/\/sabat.rest\/art\/#breadcrumb"},"inLanguage":"en","potentialAction":[{"@type":"ReadAction","target":["https:\/\/sabat.rest\/art\/"]}]},{"@type":"BreadcrumbList","@id":"https:\/\/sabat.rest\/art\/#breadcrumb","itemListElement":[{"@type":"ListItem","position":1,"name":"Home","item":"https:\/\/sabat.rest\/art\/"},{"@type":"ListItem","position":2,"name":"7REST.art"}]},{"@type":"WebSite","@id":"https:\/\/sabat.rest\/art\/#website","url":"https:\/\/sabat.rest\/art\/","name":"Sabat RESTart","description":"Biserica Adventista de Ziua a Saptea","potentialAction":[{"@type":"SearchAction","target":{"@type":"EntryPoint","urlTemplate":"https:\/\/sabat.rest\/art\/?s={search_term_string}"},"query-input":{"@type":"PropertyValueSpecification","valueRequired":true,"valueName":"search_term_string"}}],"inLanguage":"en"}]}},"_links":{"self":[{"href":"https:\/\/sabat.rest\/art\/wp-json\/wp\/v2\/pages\/2443","targetHints":{"allow":["GET"]}}],"collection":[{"href":"https:\/\/sabat.rest\/art\/wp-json\/wp\/v2\/pages"}],"about":[{"href":"https:\/\/sabat.rest\/art\/wp-json\/wp\/v2\/types\/page"}],"author":[{"embeddable":true,"href":"https:\/\/sabat.rest\/art\/wp-json\/wp\/v2\/users\/1"}],"replies":[{"embeddable":true,"href":"https:\/\/sabat.rest\/art\/wp-json\/wp\/v2\/comments?post=2443"}],"version-history":[{"count":191,"href":"https:\/\/sabat.rest\/art\/wp-json\/wp\/v2\/pages\/2443\/revisions"}],"predecessor-version":[{"id":4197,"href":"https:\/\/sabat.rest\/art\/wp-json\/wp\/v2\/pages\/2443\/revisions\/4197"}],"wp:attachment":[{"href":"https:\/\/sabat.rest\/art\/wp-json\/wp\/v2\/media?parent=2443"}],"curies":[{"name":"wp","href":"https:\/\/api.w.org\/{rel}","templated":true}]}}