{"id":3867,"date":"2024-04-19T18:02:26","date_gmt":"2024-04-19T16:02:26","guid":{"rendered":"https:\/\/sabat.rest\/art\/?page_id=3867"},"modified":"2024-06-08T15:31:54","modified_gmt":"2024-06-08T13:31:54","slug":"plan","status":"publish","type":"page","link":"https:\/\/sabat.rest\/art\/plan\/","title":{"rendered":"PLAN"},"content":{"rendered":"\n<div class=\"wp-block-alps-gutenberg-blocks-cta\"><style type=\"text\/css\">.o-background-image--3194 { background-image: url('https:\/\/sabat.rest\/art\/wp-content\/uploads\/2023\/11\/restart-1920x1080-1-1024x576.jpg') }<\/style><div class=\"c-cta-block c-block u-border--left u-theme--border-color--darker--left can-be--dark-dark has-image u-theme--dark u-theme--background-color--darker has-image\"><div class=\"c-cta-block__content c-block__content u-spacing\"><div class=\"c-cta-block__group c-block__group u-spacing\"><h3 class=\"c-cta-block__title c-block__title u-theme--color--darker u-font--primary--l\">Sabat RESTart #37 \u2014 Comi\u0219ani, 12 Iulie 2024<br\/><\/h3><p class=\"c-cta-block__description c-block__description u-font--secondary u-font--secondary\"><br\/><br\/><br\/><br\/><br\/><br\/><br\/>Urm\u0103re\u0219te live pe www.Sabat.rest\/art <\/p><\/div><\/div><div class=\"c-cta-block__image c-block__image o-background-image--3194 u-background--cover\"><\/div><\/div><\/div>\n\n\n\n<div class=\"wp-block-alps-gutenberg-blocks-cta\"><style type=\"text\/css\">.o-background-image--3194 { background-image: url('https:\/\/sabat.rest\/art\/wp-content\/uploads\/2023\/11\/restart-1920x1080-1-1024x576.jpg') }<\/style><div class=\"c-cta-block c-block u-border--left u-theme--border-color--darker--left can-be--dark-dark has-image u-theme--dark u-theme--background-color--darker has-image\"><div class=\"c-cta-block__content c-block__content u-spacing\"><div class=\"c-cta-block__group c-block__group u-spacing\"><h3 class=\"c-cta-block__title c-block__title u-theme--color--darker u-font--primary--l\">Sabat RESTart #36 \u2014 Berbe\u0219ti, 5 Iulie 2024<br\/><\/h3><p class=\"c-cta-block__description c-block__description u-font--secondary u-font--secondary\"><br\/><br\/><br\/><br\/><br\/><br\/><br\/>Urm\u0103re\u0219te live pe www.Sabat.rest\/art <\/p><\/div><\/div><div class=\"c-cta-block__image c-block__image o-background-image--3194 u-background--cover\"><\/div><\/div><\/div>\n\n\n\n<div class=\"wp-block-alps-gutenberg-blocks-cta\"><style type=\"text\/css\">.o-background-image--4034 { background-image: url('https:\/\/sabat.rest\/art\/wp-content\/uploads\/2024\/06\/misiune-instruire-2024.jpeg') }<\/style><div class=\"c-cta-block c-block u-border--left u-theme--border-color--darker--left can-be--dark-dark has-image u-theme--dark u-theme--background-color--darker has-image\"><div class=\"c-cta-block__content c-block__content u-spacing\"><div class=\"c-cta-block__group c-block__group u-spacing\"><h3 class=\"c-cta-block__title c-block__title u-theme--color--darker u-font--primary--l\">Sabat RESTart #35 \u2014 Stupini, 28 Iunie 2024<br\/><\/h3><p class=\"c-cta-block__description c-block__description u-font--secondary u-font--secondary\">Tab\u0103r\u0103 de misiune cre\u0219tin\u0103 \u00een c\u00e2mpuri \u201ealbe, gata pentru seceri\u0219\u201d.<br\/><br\/><br\/><br\/><br\/><br\/><br\/>Urm\u0103re\u0219te live pe www.Sabat.rest\/art <\/p><\/div><\/div><div class=\"c-cta-block__image c-block__image o-background-image--4034 u-background--cover\"><\/div><\/div><\/div>\n\n\n\n<div class=\"wp-block-alps-gutenberg-blocks-cta\"><style type=\"text\/css\">.o-background-image--4032 { background-image: url('https:\/\/sabat.rest\/art\/wp-content\/uploads\/2024\/06\/codlea-ext-01-1024x768.jpg') }<\/style><div class=\"c-cta-block c-block u-border--left u-theme--border-color--darker--left can-be--dark-dark has-image u-theme--dark u-theme--background-color--darker has-image\"><div class=\"c-cta-block__content c-block__content u-spacing\"><div class=\"c-cta-block__group c-block__group u-spacing\"><h3 class=\"c-cta-block__title c-block__title u-theme--color--darker u-font--primary--l\">Sabat RESTart #34 \u2014 Codlea, 21 Iunie 2024<br\/><\/h3><p class=\"c-cta-block__description c-block__description u-font--secondary u-font--secondary\">Centrul ofer\u0103 programe de terapie, recuperare si educa\u021bie pentru un stil de via\u021b\u0103 s\u0103n\u0103tos organizate \u00een sejururi cu durata de 11 zile.<br\/><br\/><br\/><br\/>Urm\u0103re\u0219te live pe www.Sabat.rest\/art <\/p><\/div><\/div><div class=\"c-cta-block__image c-block__image o-background-image--4032 u-background--cover\"><\/div><\/div><\/div>\n\n\n\n<div class=\"wp-block-alps-gutenberg-blocks-cta\"><style type=\"text\/css\">.o-background-image--4021 { background-image: url('https:\/\/sabat.rest\/art\/wp-content\/uploads\/2024\/06\/calimanesti-ext-2-1024x504.jpg') }<\/style><div class=\"c-cta-block c-block u-border--left u-theme--border-color--darker--left can-be--dark-dark has-image u-theme--dark u-theme--background-color--darker has-image\"><div class=\"c-cta-block__content c-block__content u-spacing\"><div class=\"c-cta-block__group c-block__group u-spacing\"><h3 class=\"c-cta-block__title c-block__title u-theme--color--darker u-font--primary--l\">Sabat RESTart #33 \u2014 C\u0103lim\u0103ne\u0219ti, 14 Iunie 2024<br\/><\/h3><p class=\"c-cta-block__description c-block__description u-font--secondary u-font--secondary\">C\u0103lim\u0103ne\u0219ti este o sta\u021biune balnear\u0103 renumit\u0103, situat\u0103 \u00een inima jude\u021bului V\u00e2lcea, \u00eentr-un peisaj pitoresc cu dealuri acoperite de p\u0103duri de foioase \u0219i r\u00e2uri cristaline ce traverseaz\u0103 zona. Sta\u021biunea este recunoscut\u0103 pentru izvoarele sale minerale cu propriet\u0103\u021bi terapeutice, care atrag anual numero\u0219i turi\u0219ti \u00een c\u0103utare de relaxare \u0219i vindecare.<br\/><br\/>Urm\u0103re\u0219te live pe www.Sabat.rest\/art <\/p><\/div><\/div><div class=\"c-cta-block__image c-block__image o-background-image--4021 u-background--cover\"><\/div><\/div><\/div>\n","protected":false},"excerpt":{"rendered":"","protected":false},"author":1,"featured_media":0,"parent":0,"menu_order":0,"comment_status":"closed","ping_status":"closed","template":"","meta":{"inline_featured_image":false,"_monsterinsights_skip_tracking":false,"_monsterinsights_sitenote_active":false,"_monsterinsights_sitenote_note":"","_monsterinsights_sitenote_category":0},"class_list":["post-3867","page","type-page","status-publish","hentry"],"yoast_head":"<!-- This site is optimized with the Yoast SEO plugin v26.0 - https:\/\/yoast.com\/wordpress\/plugins\/seo\/ -->\n<title>PLAN - Sabat RESTart<\/title>\n<meta name=\"robots\" content=\"index, follow, max-snippet:-1, max-image-preview:large, max-video-preview:-1\" \/>\n<link rel=\"canonical\" href=\"https:\/\/sabat.rest\/art\/plan\/\" \/>\n<meta property=\"og:locale\" content=\"en_US\" \/>\n<meta property=\"og:type\" content=\"article\" \/>\n<meta property=\"og:title\" content=\"PLAN - Sabat RESTart\" \/>\n<meta property=\"og:url\" content=\"https:\/\/sabat.rest\/art\/plan\/\" \/>\n<meta property=\"og:site_name\" content=\"Sabat RESTart\" \/>\n<meta property=\"article:publisher\" content=\"https:\/\/facebook.com\/adventist.ro\" \/>\n<meta property=\"article:modified_time\" content=\"2024-06-08T13:31:54+00:00\" \/>\n<meta name=\"twitter:card\" content=\"summary_large_image\" \/>\n<meta name=\"twitter:site\" content=\"@AdventistRO\" \/>\n<meta name=\"twitter:label1\" content=\"Est. reading time\" \/>\n\t<meta name=\"twitter:data1\" content=\"1 minute\" \/>\n<script type=\"application\/ld+json\" class=\"yoast-schema-graph\">{\"@context\":\"https:\/\/schema.org\",\"@graph\":[{\"@type\":\"WebPage\",\"@id\":\"https:\/\/sabat.rest\/art\/plan\/\",\"url\":\"https:\/\/sabat.rest\/art\/plan\/\",\"name\":\"PLAN - Sabat RESTart\",\"isPartOf\":{\"@id\":\"https:\/\/sabat.rest\/art\/#website\"},\"datePublished\":\"2024-04-19T16:02:26+00:00\",\"dateModified\":\"2024-06-08T13:31:54+00:00\",\"breadcrumb\":{\"@id\":\"https:\/\/sabat.rest\/art\/plan\/#breadcrumb\"},\"inLanguage\":\"en\",\"potentialAction\":[{\"@type\":\"ReadAction\",\"target\":[\"https:\/\/sabat.rest\/art\/plan\/\"]}]},{\"@type\":\"BreadcrumbList\",\"@id\":\"https:\/\/sabat.rest\/art\/plan\/#breadcrumb\",\"itemListElement\":[{\"@type\":\"ListItem\",\"position\":1,\"name\":\"Home\",\"item\":\"https:\/\/sabat.rest\/art\/\"},{\"@type\":\"ListItem\",\"position\":2,\"name\":\"PLAN\"}]},{\"@type\":\"WebSite\",\"@id\":\"https:\/\/sabat.rest\/art\/#website\",\"url\":\"https:\/\/sabat.rest\/art\/\",\"name\":\"Sabat RESTart\",\"description\":\"Biserica Adventista de Ziua a Saptea\",\"potentialAction\":[{\"@type\":\"SearchAction\",\"target\":{\"@type\":\"EntryPoint\",\"urlTemplate\":\"https:\/\/sabat.rest\/art\/?s={search_term_string}\"},\"query-input\":{\"@type\":\"PropertyValueSpecification\",\"valueRequired\":true,\"valueName\":\"search_term_string\"}}],\"inLanguage\":\"en\"}]}<\/script>\n<!-- \/ Yoast SEO plugin. -->","yoast_head_json":{"title":"PLAN - Sabat RESTart","robots":{"index":"index","follow":"follow","max-snippet":"max-snippet:-1","max-image-preview":"max-image-preview:large","max-video-preview":"max-video-preview:-1"},"canonical":"https:\/\/sabat.rest\/art\/plan\/","og_locale":"en_US","og_type":"article","og_title":"PLAN - Sabat RESTart","og_url":"https:\/\/sabat.rest\/art\/plan\/","og_site_name":"Sabat RESTart","article_publisher":"https:\/\/facebook.com\/adventist.ro","article_modified_time":"2024-06-08T13:31:54+00:00","twitter_card":"summary_large_image","twitter_site":"@AdventistRO","twitter_misc":{"Est. reading time":"1 minute"},"schema":{"@context":"https:\/\/schema.org","@graph":[{"@type":"WebPage","@id":"https:\/\/sabat.rest\/art\/plan\/","url":"https:\/\/sabat.rest\/art\/plan\/","name":"PLAN - Sabat RESTart","isPartOf":{"@id":"https:\/\/sabat.rest\/art\/#website"},"datePublished":"2024-04-19T16:02:26+00:00","dateModified":"2024-06-08T13:31:54+00:00","breadcrumb":{"@id":"https:\/\/sabat.rest\/art\/plan\/#breadcrumb"},"inLanguage":"en","potentialAction":[{"@type":"ReadAction","target":["https:\/\/sabat.rest\/art\/plan\/"]}]},{"@type":"BreadcrumbList","@id":"https:\/\/sabat.rest\/art\/plan\/#breadcrumb","itemListElement":[{"@type":"ListItem","position":1,"name":"Home","item":"https:\/\/sabat.rest\/art\/"},{"@type":"ListItem","position":2,"name":"PLAN"}]},{"@type":"WebSite","@id":"https:\/\/sabat.rest\/art\/#website","url":"https:\/\/sabat.rest\/art\/","name":"Sabat RESTart","description":"Biserica Adventista de Ziua a Saptea","potentialAction":[{"@type":"SearchAction","target":{"@type":"EntryPoint","urlTemplate":"https:\/\/sabat.rest\/art\/?s={search_term_string}"},"query-input":{"@type":"PropertyValueSpecification","valueRequired":true,"valueName":"search_term_string"}}],"inLanguage":"en"}]}},"_links":{"self":[{"href":"https:\/\/sabat.rest\/art\/wp-json\/wp\/v2\/pages\/3867","targetHints":{"allow":["GET"]}}],"collection":[{"href":"https:\/\/sabat.rest\/art\/wp-json\/wp\/v2\/pages"}],"about":[{"href":"https:\/\/sabat.rest\/art\/wp-json\/wp\/v2\/types\/page"}],"author":[{"embeddable":true,"href":"https:\/\/sabat.rest\/art\/wp-json\/wp\/v2\/users\/1"}],"replies":[{"embeddable":true,"href":"https:\/\/sabat.rest\/art\/wp-json\/wp\/v2\/comments?post=3867"}],"version-history":[{"count":39,"href":"https:\/\/sabat.rest\/art\/wp-json\/wp\/v2\/pages\/3867\/revisions"}],"predecessor-version":[{"id":4048,"href":"https:\/\/sabat.rest\/art\/wp-json\/wp\/v2\/pages\/3867\/revisions\/4048"}],"wp:attachment":[{"href":"https:\/\/sabat.rest\/art\/wp-json\/wp\/v2\/media?parent=3867"}],"curies":[{"name":"wp","href":"https:\/\/api.w.org\/{rel}","templated":true}]}}